{"id":608,"date":"2026-05-09T13:19:03","date_gmt":"2026-05-09T11:19:03","guid":{"rendered":"https:\/\/veronikarivera.de\/?page_id=608"},"modified":"2026-05-09T17:29:54","modified_gmt":"2026-05-09T15:29:54","slug":"startseite","status":"publish","type":"page","link":"https:\/\/veronikarivera.de\/","title":{"rendered":""},"content":{"rendered":"\n<p>\u201eGl\u00fcck im Privaten, Blick aufs Globale\u201c: dieses Motto begleitet meine Arbeit und mein Leben.<\/p>\n\n\n\n<p>Ich bin Journalistin, Autorin und Landschafts\u00f6kologin und liebe es, Geschichten zu erz\u00e4hlen, Ideen sichtbar zu machen und komplexe Themen verst\u00e4ndlich und nahbar aufzubereiten. Ich schreibe Fachartikel, begleite klassische Pressearbeit und teile auf Instagram Gedanken rund um Klima, Familie, Natur und gesellschaftlichen Wandel.<\/p>\n\n\n\n<p>Meine B\u00fccher sind Herzensprojekte und gleichzeitig eine Form von Empowerment. Sie sollen Mut machen, verbinden und zeigen, dass Ver\u00e4nderung m\u00f6glich ist, ohne dabei die Freude am Leben zu verlieren. Besonders wichtig ist mir die Frage, wie wir Kinder st\u00e4rken und Familien begleiten k\u00f6nnen in einer Welt, die sich rasant ver\u00e4ndert.<\/p>\n\n\n\n<p>Gemeinsam mit meinem Mann betreibe ich in Spanien \u00f6kologische Landwirtschaft. Dort sprechen wir nicht nur \u00fcber Ver\u00e4nderung, sondern leben sie ganz konkret. Wir produzieren Oliven\u00f6l und Mandeln und erhalten dadurch die Kulturlandschaft, st\u00e4rken die B\u00f6den und f\u00f6rdern die Artenvielfalt.<\/p>\n\n\n\n<p>Ich liebe das Schreiben, Gestalten und kreative Denken: das Entwickeln neuer Projekte, das Verbinden von Menschen und das Erz\u00e4hlen von Geschichten, die ber\u00fchren und bewegen.<\/p>\n","protected":false},"excerpt":{"rendered":"<p>\u201eGl\u00fcck im Privaten, Blick aufs Globale\u201c: dieses Motto begleitet meine Arbeit und mein Leben. Ich bin Journalistin, Autorin und Landschafts\u00f6kologin und liebe es, Geschichten zu erz\u00e4hlen, Ideen sichtbar zu machen und komplexe Themen verst\u00e4ndlich und nahbar aufzubereiten. Ich schreibe Fachartikel, begleite klassische Pressearbeit und teile auf Instagram Gedanken rund um Klima, Familie, Natur und gesellschaftlichen Wandel. Meine B\u00fccher sind Herzensprojekte und gleichzeitig eine Form von Empowerment. Sie sollen Mut machen, verbinden und zeigen, dass Ver\u00e4nderung m\u00f6glich ist, ohne dabei die Freude am Leben zu verlieren. Besonders wichtig ist mir die Frage, wie wir Kinder st\u00e4rken und Familien begleiten k\u00f6nnen in einer Welt, die sich rasant ver\u00e4ndert. Gemeinsam mit meinem Mann betreibe ich in Spanien \u00f6kologische Landwirtschaft. Dort sprechen wir nicht nur \u00fcber Ver\u00e4nderung, sondern leben sie ganz konkret. Wir produzieren Oliven\u00f6l und Mandeln und erhalten dadurch die Kulturlandschaft, st\u00e4rken die B\u00f6den und f\u00f6rdern die Artenvielfalt. Ich liebe das Schreiben, Gestalten und kreative Denken: das Entwickeln neuer Projekte, das Verbinden von Menschen und das Erz\u00e4hlen von Geschichten, die ber\u00fchren und bewegen.<\/p>\n","protected":false},"author":1,"featured_media":609,"parent":0,"menu_order":0,"comment_status":"closed","ping_status":"closed","template":"templates\/page-frontpage-default.php","meta":{"footnotes":""},"class_list":["post-608","page","type-page","status-publish","has-post-thumbnail","hentry"],"_links":{"self":[{"href":"https:\/\/veronikarivera.de\/index.php?rest_route=\/wp\/v2\/pages\/608","targetHints":{"allow":["GET"]}}],"collection":[{"href":"https:\/\/veronikarivera.de\/index.php?rest_route=\/wp\/v2\/pages"}],"about":[{"href":"https:\/\/veronikarivera.de\/index.php?rest_route=\/wp\/v2\/types\/page"}],"author":[{"embeddable":true,"href":"https:\/\/veronikarivera.de\/index.php?rest_route=\/wp\/v2\/users\/1"}],"replies":[{"embeddable":true,"href":"https:\/\/veronikarivera.de\/index.php?rest_route=%2Fwp%2Fv2%2Fcomments&post=608"}],"version-history":[{"count":3,"href":"https:\/\/veronikarivera.de\/index.php?rest_route=\/wp\/v2\/pages\/608\/revisions"}],"predecessor-version":[{"id":671,"href":"https:\/\/veronikarivera.de\/index.php?rest_route=\/wp\/v2\/pages\/608\/revisions\/671"}],"wp:featuredmedia":[{"embeddable":true,"href":"https:\/\/veronikarivera.de\/index.php?rest_route=\/wp\/v2\/media\/609"}],"wp:attachment":[{"href":"https:\/\/veronikarivera.de\/index.php?rest_route=%2Fwp%2Fv2%2Fmedia&parent=608"}],"curies":[{"name":"wp","href":"https:\/\/api.w.org\/{rel}","templated":true}]}}