{"id":450,"date":"2025-12-03T10:33:41","date_gmt":"2025-12-03T09:33:41","guid":{"rendered":"https:\/\/veronikarivera.de\/?page_id=450"},"modified":"2026-05-09T16:57:30","modified_gmt":"2026-05-09T14:57:30","slug":"buecher","status":"publish","type":"page","link":"https:\/\/veronikarivera.de\/?page_id=450","title":{"rendered":"Meine B\u00fccher"},"content":{"rendered":"\n<h3 class=\"wp-block-heading\">&nbsp;<\/h3>\n\n\n\n<h2 class=\"wp-block-heading\"><strong><mark style=\"background-color: rgba(0, 0, 0, 0);\"><mark style=\"background-color:rgba(0, 0, 0, 0)\" class=\"has-inline-color has-cyan-bluish-gray-color\">Sachbuch &#8222;Kindheit am Kipppunkt&#8220;\u00a0<\/mark><\/mark><\/strong><br><strong><mark style=\"background-color: rgba(0, 0, 0, 0);\"><mark style=\"background-color:rgba(0, 0, 0, 0)\" class=\"has-inline-color has-cyan-bluish-gray-color\">erschienen im edition claus Verlag<\/mark><\/mark><\/strong><\/h2>\n\n\n\n<figure class=\"wp-block-image size-large\"><img fetchpriority=\"high\" decoding=\"async\" width=\"1024\" height=\"576\" src=\"https:\/\/veronikarivera.de\/wp-content\/uploads\/2025\/12\/Banner-Website-neu-1-1024x576.png\" alt=\"\" class=\"wp-image-477\" srcset=\"https:\/\/veronikarivera.de\/wp-content\/uploads\/2025\/12\/Banner-Website-neu-1-1024x576.png 1024w, https:\/\/veronikarivera.de\/wp-content\/uploads\/2025\/12\/Banner-Website-neu-1-300x169.png 300w, https:\/\/veronikarivera.de\/wp-content\/uploads\/2025\/12\/Banner-Website-neu-1-768x432.png 768w, https:\/\/veronikarivera.de\/wp-content\/uploads\/2025\/12\/Banner-Website-neu-1-1536x864.png 1536w, https:\/\/veronikarivera.de\/wp-content\/uploads\/2025\/12\/Banner-Website-neu-1-1140x641.png 1140w, https:\/\/veronikarivera.de\/wp-content\/uploads\/2025\/12\/Banner-Website-neu-1.png 1920w\" sizes=\"(max-width: 1024px) 100vw, 1024px\" \/><\/figure>\n\n\n\n<p>Dieses Buch richtet sich an Eltern, M\u00fctter, V\u00e4ter und Bezugspersonen, die ihre Kinder in einer sich ver\u00e4ndernden Welt achtsam, zugewandt und zukunftsorientiert begleiten m\u00f6chten. Es unterst\u00fctzt Familien, die sich angesichts von Klimakrise, gesellschaftlichem Wandel und globaler Unsicherheit fragen, was ihnen selbst Halt gibt und wie sie diesen an ihre Kinder weitergeben k\u00f6nnen.<\/p>\n\n\n\n<p>Auch Fachkr\u00e4fte aus P\u00e4dagogik, Beratung, Kindergarten und Schule finden hier wertvolle Anregungen f\u00fcr eine ganzheitliche, beziehungsstarke Begleitung von Kindern und Familien.<\/p>\n\n\n\n<p><\/p>\n\n\n\n<p><\/p>\n\n\n\n<p><\/p>\n\n\n\n<h2 class=\"wp-block-heading\"><strong><mark style=\"background-color:rgba(0, 0, 0, 0)\" class=\"has-inline-color has-cyan-bluish-gray-color\">E-Book &#8222;Klimakommunikation mit Kindern&#8220; <\/mark><\/strong><\/h2>\n\n\n\n<p>Auf kurzweilige, ermutigende und empowernde Weise geht dieses E-Book auf eine der vielen Herausforderungen ein, die die Klimakrise mit sich bringt: Die Kommunikation.<\/p>\n\n\n\n<p><\/p>\n\n\n\n<div class=\"wp-block-media-text is-stacked-on-mobile\"><figure class=\"wp-block-media-text__media\"><img decoding=\"async\" width=\"600\" height=\"600\" src=\"https:\/\/veronikarivera.de\/wp-content\/uploads\/2025\/12\/klima-kommunikation-mit-kindern-600-\u00d7-600-px-thumbnail.png\" alt=\"\" class=\"wp-image-456 size-full\" srcset=\"https:\/\/veronikarivera.de\/wp-content\/uploads\/2025\/12\/klima-kommunikation-mit-kindern-600-\u00d7-600-px-thumbnail.png 600w, https:\/\/veronikarivera.de\/wp-content\/uploads\/2025\/12\/klima-kommunikation-mit-kindern-600-\u00d7-600-px-thumbnail-300x300.png 300w, https:\/\/veronikarivera.de\/wp-content\/uploads\/2025\/12\/klima-kommunikation-mit-kindern-600-\u00d7-600-px-thumbnail-150x150.png 150w, https:\/\/veronikarivera.de\/wp-content\/uploads\/2025\/12\/klima-kommunikation-mit-kindern-600-\u00d7-600-px-thumbnail-75x75.png 75w\" sizes=\"(max-width: 600px) 100vw, 600px\" \/><\/figure><div class=\"wp-block-media-text__content\">\n<p>Folgende Fragen werden u.a. beantwortet:<\/p>\n\n\n\n<ul class=\"wp-block-list\">\n<li>Ab welchem Alter ist ein Gespr\u00e4ch \u00fcber die Klimakrise sinnvoll?<\/li>\n\n\n\n<li>Wie k\u00f6nnen wir mit Kindern \u00fcber die Klimakrise sprechen?<\/li>\n\n\n\n<li>Wie gut muss ich mich als Bezugsperson mit dem Thema Klima auskennen?<\/li>\n<\/ul>\n<\/div><\/div>\n\n\n\n<p><\/p>\n\n\n\n<p><\/p>\n\n\n\n<p><\/p>\n\n\n\n<p><\/p>\n","protected":false},"excerpt":{"rendered":"<p>&nbsp; Sachbuch &#8222;Kindheit am Kipppunkt&#8220;\u00a0erschienen im edition claus Verlag Dieses Buch richtet sich an Eltern, M\u00fctter, V\u00e4ter und Bezugspersonen, die ihre Kinder in einer sich ver\u00e4ndernden Welt achtsam, zugewandt und zukunftsorientiert begleiten m\u00f6chten. Es unterst\u00fctzt Familien, die sich angesichts von Klimakrise, gesellschaftlichem Wandel und globaler Unsicherheit fragen, was ihnen selbst Halt gibt und wie sie diesen an ihre Kinder weitergeben k\u00f6nnen. Auch Fachkr\u00e4fte aus P\u00e4dagogik, Beratung, Kindergarten und Schule finden hier wertvolle Anregungen f\u00fcr eine ganzheitliche, beziehungsstarke Begleitung von Kindern und Familien. E-Book &#8222;Klimakommunikation mit Kindern&#8220; Auf kurzweilige, ermutigende und empowernde Weise geht dieses E-Book auf eine der vielen Herausforderungen ein, die die Klimakrise mit sich bringt: Die Kommunikation.<\/p>\n","protected":false},"author":1,"featured_media":505,"parent":0,"menu_order":0,"comment_status":"closed","ping_status":"closed","template":"","meta":{"footnotes":""},"class_list":["post-450","page","type-page","status-publish","has-post-thumbnail","hentry"],"_links":{"self":[{"href":"https:\/\/veronikarivera.de\/index.php?rest_route=\/wp\/v2\/pages\/450","targetHints":{"allow":["GET"]}}],"collection":[{"href":"https:\/\/veronikarivera.de\/index.php?rest_route=\/wp\/v2\/pages"}],"about":[{"href":"https:\/\/veronikarivera.de\/index.php?rest_route=\/wp\/v2\/types\/page"}],"author":[{"embeddable":true,"href":"https:\/\/veronikarivera.de\/index.php?rest_route=\/wp\/v2\/users\/1"}],"replies":[{"embeddable":true,"href":"https:\/\/veronikarivera.de\/index.php?rest_route=%2Fwp%2Fv2%2Fcomments&post=450"}],"version-history":[{"count":10,"href":"https:\/\/veronikarivera.de\/index.php?rest_route=\/wp\/v2\/pages\/450\/revisions"}],"predecessor-version":[{"id":649,"href":"https:\/\/veronikarivera.de\/index.php?rest_route=\/wp\/v2\/pages\/450\/revisions\/649"}],"wp:featuredmedia":[{"embeddable":true,"href":"https:\/\/veronikarivera.de\/index.php?rest_route=\/wp\/v2\/media\/505"}],"wp:attachment":[{"href":"https:\/\/veronikarivera.de\/index.php?rest_route=%2Fwp%2Fv2%2Fmedia&parent=450"}],"curies":[{"name":"wp","href":"https:\/\/api.w.org\/{rel}","templated":true}]}}