{"id":409,"date":"2025-11-26T13:13:35","date_gmt":"2025-11-26T12:13:35","guid":{"rendered":"http:\/\/veronikarivera.de\/?page_id=409"},"modified":"2026-05-09T17:27:39","modified_gmt":"2026-05-09T15:27:39","slug":"ueber-mich","status":"publish","type":"page","link":"https:\/\/veronikarivera.de\/?page_id=409","title":{"rendered":"\u00dcber mich"},"content":{"rendered":"\n<div style=\"height:100px\" aria-hidden=\"true\" class=\"wp-block-spacer\"><\/div>\n\n\n\n<h2 class=\"wp-block-heading\"><mark style=\"background-color:rgba(0, 0, 0, 0)\" class=\"has-inline-color has-cyan-bluish-gray-color\">Ich bin Veronika Rivera, <\/mark><br><\/h2>\n\n\n\n<p>Journalistin, Autorin und komme urspr\u00fcnglich aus dem Naturschutz (B.Sc. Naturschutz und Landschaftsplanung). Ich bin Mama von drei Kindern, meine Familie ist mein gr\u00f6\u00dftes Gl\u00fcck. Ich bin \u00fcberzeugt, dass wir den Blick aufs Globale richten m\u00fcssen, um unser Gl\u00fcck im Privaten zu erhalten. <\/p>\n\n\n\n<p>So setze ich das in meinem Leben um:<\/p>\n\n\n\n<p>Neben klassischer Pressearbeit schreibe ich Fachartikel \u00fcber Landschaftsarchitektur, Naturschutz und \u00f6kologische Stadtplanung. Ich schreibe \u00fcber die Schnittstelle von Elternschaft und Klimakrise, \u00fcber Klimakommunikation mit Kindern und Halt in Krisenzeiten. 2023 erschien mein E-Book \u00fcber Klimakommunikation mit Kindern, im Fr\u00fchjahr 2026 mein Sachbuch &#8222;Kindheit am Kipppunkt&#8220;. Ein Kinderbuch zur Klimakrise wartet aktuell auf Ver\u00f6ffentlichung, und weitere Schreibprojekte sind in Planung. <\/p>\n\n\n\n<p>F\u00fcr eine konstruktive Klimakommunikation in den Medien engagiere ich mich im Netzwerk Klimajournalismus, f\u00fcr den Austausch mit anderen klimabewegten Menschen bin ich im B\u00fcndnis Klimapsychologie aktiv. <\/p>\n\n\n\n<p>Ich lebe in Spanien und betreibe gemeinsam mit meinem Mann die regenerative Landwirtschaft <em><a href=\"http:\/\/www.fincasreanimadas.com\">fincas reanimadas<\/a>, <\/em>wir produzieren Oliven\u00f6l und Mandeln. 23 Hektar und jede Menge B\u00e4ume bewirtschaften wir in diesem Herzenprojekt, und k\u00f6nnen unser Wissen im Naturschutz ganz aktiv auf dem Feld umsetzen. So erhalten wir ein St\u00fcck wertvoller Kulturlandschaft und erzeugen dabei Oliven\u00f6l Nativ Extra und Mandeln, die wir auch nach Deutschland versenden. <\/p>\n\n\n\n<p>Basteln und Malen sind meine Hobbies. Ich bin die beste Sachenfinderin bei uns im Haus, glaube an die Kraft der Gemeinschaft und liebe es, Zeit in unserem Bergdorf, in der Natur und mit unseren Kindern zu verbringen.<\/p>\n\n\n\n<p>Ich bin gro\u00dfer Fan unserer H\u00fchner, eine Bef\u00fcrworterin ehrlicher Gespr\u00e4che und esse lieber Stockbrot am Lagerfeuer als f\u00fcnf G\u00e4nge in einem fancy Lokal.<\/p>\n\n\n\n<figure class=\"wp-block-image size-full\"><img fetchpriority=\"high\" decoding=\"async\" width=\"1366\" height=\"768\" src=\"https:\/\/veronikarivera.de\/wp-content\/uploads\/2025\/11\/2-1.png\" alt=\"\" class=\"wp-image-349\" srcset=\"https:\/\/veronikarivera.de\/wp-content\/uploads\/2025\/11\/2-1.png 1366w, https:\/\/veronikarivera.de\/wp-content\/uploads\/2025\/11\/2-1-300x169.png 300w, https:\/\/veronikarivera.de\/wp-content\/uploads\/2025\/11\/2-1-1024x576.png 1024w, https:\/\/veronikarivera.de\/wp-content\/uploads\/2025\/11\/2-1-768x432.png 768w\" sizes=\"(max-width: 1366px) 100vw, 1366px\" \/><\/figure>\n\n\n\n<p><\/p>\n","protected":false},"excerpt":{"rendered":"<p>Ich bin Veronika Rivera, Journalistin, Autorin und komme urspr\u00fcnglich aus dem Naturschutz (B.Sc. Naturschutz und Landschaftsplanung). Ich bin Mama von drei Kindern, meine Familie ist mein gr\u00f6\u00dftes Gl\u00fcck. Ich bin \u00fcberzeugt, dass wir den Blick aufs Globale richten m\u00fcssen, um unser Gl\u00fcck im Privaten zu erhalten. So setze ich das in meinem Leben um: Neben klassischer Pressearbeit schreibe ich Fachartikel \u00fcber Landschaftsarchitektur, Naturschutz und \u00f6kologische Stadtplanung. Ich schreibe \u00fcber die Schnittstelle von Elternschaft und Klimakrise, \u00fcber Klimakommunikation mit Kindern und Halt in Krisenzeiten. 2023 erschien mein E-Book \u00fcber Klimakommunikation mit Kindern, im Fr\u00fchjahr 2026 mein Sachbuch &#8222;Kindheit am Kipppunkt&#8220;. Ein Kinderbuch zur Klimakrise wartet aktuell auf Ver\u00f6ffentlichung, und weitere Schreibprojekte sind in Planung. F\u00fcr eine konstruktive Klimakommunikation in den Medien engagiere ich mich im Netzwerk Klimajournalismus, f\u00fcr den Austausch mit anderen klimabewegten Menschen bin ich im B\u00fcndnis Klimapsychologie aktiv. Ich lebe in Spanien und betreibe gemeinsam mit meinem Mann die regenerative Landwirtschaft fincas reanimadas, wir produzieren Oliven\u00f6l und Mandeln. 23 Hektar und jede Menge B\u00e4ume bewirtschaften wir in diesem Herzenprojekt, und k\u00f6nnen unser Wissen im Naturschutz ganz aktiv auf dem Feld umsetzen. So erhalten wir ein St\u00fcck wertvoller Kulturlandschaft und erzeugen dabei Oliven\u00f6l Nativ Extra und Mandeln, die wir auch nach Deutschland versenden. Basteln und Malen sind meine Hobbies. Ich bin die beste Sachenfinderin bei uns im Haus, glaube an die Kraft der Gemeinschaft und liebe es, Zeit in unserem Bergdorf, in der Natur und mit unseren Kindern zu verbringen. Ich bin gro\u00dfer Fan unserer H\u00fchner, eine Bef\u00fcrworterin ehrlicher Gespr\u00e4che und esse lieber Stockbrot am Lagerfeuer als f\u00fcnf G\u00e4nge in einem fancy Lokal.<\/p>\n","protected":false},"author":1,"featured_media":668,"parent":0,"menu_order":0,"comment_status":"closed","ping_status":"closed","template":"","meta":{"footnotes":""},"class_list":["post-409","page","type-page","status-publish","has-post-thumbnail","hentry"],"_links":{"self":[{"href":"https:\/\/veronikarivera.de\/index.php?rest_route=\/wp\/v2\/pages\/409","targetHints":{"allow":["GET"]}}],"collection":[{"href":"https:\/\/veronikarivera.de\/index.php?rest_route=\/wp\/v2\/pages"}],"about":[{"href":"https:\/\/veronikarivera.de\/index.php?rest_route=\/wp\/v2\/types\/page"}],"author":[{"embeddable":true,"href":"https:\/\/veronikarivera.de\/index.php?rest_route=\/wp\/v2\/users\/1"}],"replies":[{"embeddable":true,"href":"https:\/\/veronikarivera.de\/index.php?rest_route=%2Fwp%2Fv2%2Fcomments&post=409"}],"version-history":[{"count":6,"href":"https:\/\/veronikarivera.de\/index.php?rest_route=\/wp\/v2\/pages\/409\/revisions"}],"predecessor-version":[{"id":664,"href":"https:\/\/veronikarivera.de\/index.php?rest_route=\/wp\/v2\/pages\/409\/revisions\/664"}],"wp:featuredmedia":[{"embeddable":true,"href":"https:\/\/veronikarivera.de\/index.php?rest_route=\/wp\/v2\/media\/668"}],"wp:attachment":[{"href":"https:\/\/veronikarivera.de\/index.php?rest_route=%2Fwp%2Fv2%2Fmedia&parent=409"}],"curies":[{"name":"wp","href":"https:\/\/api.w.org\/{rel}","templated":true}]}}